{"id":49032,"date":"2025-01-30T11:31:40","date_gmt":"2025-01-30T19:31:40","guid":{"rendered":"https:\/\/www.amssa.org\/strengthening-the-francophone-sector\/"},"modified":"2025-08-25T15:09:04","modified_gmt":"2025-08-25T22:09:04","slug":"renforcer-le-secteur-francophone","status":"publish","type":"page","link":"https:\/\/www.amssa.org\/fr\/renforcer-le-secteur-francophone\/","title":{"rendered":"Renforcer le secteur francophone"},"content":{"rendered":"<div class=\"wpb-content-wrapper\"><p>[vc_row][vc_column][vc_column_text css=\u00a0\u00bb\u00a0\u00bb]<\/p>\n<ul>\n<li data-leveltext=\"\uf0b7\" data-font=\"Symbol\" data-listid=\"4\" data-list-defn-props=\"{&quot;335552541&quot;:1,&quot;335559685&quot;:720,&quot;335559991&quot;:360,&quot;469769226&quot;:&quot;Symbol&quot;,&quot;469769242&quot;:[8226],&quot;469777803&quot;:&quot;left&quot;,&quot;469777804&quot;:&quot;\uf0b7&quot;,&quot;469777815&quot;:&quot;hybridMultilevel&quot;}\" aria-setsize=\"-1\" data-aria-posinset=\"12\" data-aria-level=\"1\"><a href=\"https:\/\/www.amssa.org\/fr\/resource\/webinaire-solidifier-les-relations-avec-le-secteur-francophone-en-colombie-britannique-vers-un-renforcement-de-laiguillage-vers-les-organismes-francophones\/\"><span data-contrast=\"none\">Webinaire &#8211; Solidifier les relations avec le secteur francophone en Colombie Britannique : Vers un renforcement de l\u2019aiguillage vers les organismes francophones<\/span><\/a><span data-ccp-props=\"{&quot;201341983&quot;:0,&quot;335559739&quot;:0,&quot;335559740&quot;:240}\">&nbsp;<\/span><\/li>\n<\/ul>\n<ul>\n<li aria-setsize=\"-1\" data-leveltext=\"\uf0b7\" data-font=\"Symbol\" data-listid=\"11\" data-list-defn-props=\"{&quot;335552541&quot;:1,&quot;335559685&quot;:720,&quot;335559991&quot;:360,&quot;469769226&quot;:&quot;Symbol&quot;,&quot;469769242&quot;:[8226],&quot;469777803&quot;:&quot;left&quot;,&quot;469777804&quot;:&quot;\uf0b7&quot;,&quot;469777815&quot;:&quot;hybridMultilevel&quot;}\" data-aria-posinset=\"7\" data-aria-level=\"1\"><a href=\"https:\/\/www.amssa.org\/fr\/resource\/que-signifie-langue-officielle-en-situation-minoritaire-aujourdhui-webinaire\/\"><span data-contrast=\"none\">Webinaire &#8211; Que signifie \u00ab\u202flangue officielle en situation minoritaire\u202f\u00bb aujourd\u2019hui ?<\/span><\/a><span data-contrast=\"none\">&nbsp;<\/span><span data-ccp-props=\"{&quot;201341983&quot;:0,&quot;335559739&quot;:330,&quot;335559740&quot;:240}\">&nbsp;<\/span><\/li>\n<\/ul>\n<ul>\n<li aria-setsize=\"-1\" data-leveltext=\"\uf0b7\" data-font=\"Symbol\" data-listid=\"14\" data-list-defn-props=\"{&quot;335552541&quot;:1,&quot;335559685&quot;:720,&quot;335559991&quot;:360,&quot;469769226&quot;:&quot;Symbol&quot;,&quot;469769242&quot;:[8226],&quot;469777803&quot;:&quot;left&quot;,&quot;469777804&quot;:&quot;\uf0b7&quot;,&quot;469777815&quot;:&quot;hybridMultilevel&quot;}\" data-aria-posinset=\"1\" data-aria-level=\"1\"><a href=\"https:\/\/www.amssa.org\/fr\/resource\/formation-en-ligne-parcours-dintegration-francophone\/\"><span data-contrast=\"none\">Formation&nbsp;en&nbsp;ligne&nbsp;&#8211;&nbsp;Parcours&nbsp;d\u2019int\u00e9gration&nbsp;francophone<\/span><\/a><span data-ccp-props=\"{&quot;201341983&quot;:0,&quot;335559739&quot;:0,&quot;335559740&quot;:240}\">&nbsp;<\/span><\/li>\n<\/ul>\n<ul>\n<li aria-setsize=\"-1\" data-leveltext=\"\uf0b7\" data-font=\"Symbol\" data-listid=\"14\" data-list-defn-props=\"{&quot;335552541&quot;:1,&quot;335559685&quot;:720,&quot;335559991&quot;:360,&quot;469769226&quot;:&quot;Symbol&quot;,&quot;469769242&quot;:[8226],&quot;469777803&quot;:&quot;left&quot;,&quot;469777804&quot;:&quot;\uf0b7&quot;,&quot;469777815&quot;:&quot;hybridMultilevel&quot;}\" data-aria-posinset=\"2\" data-aria-level=\"1\"><a href=\"https:\/\/www.amssa.org\/fr\/resource\/boite-a-outils-renforcer-le-referencement-vers-les-organisations-francophones\/\"><span data-contrast=\"none\">Bo\u00eete&nbsp;\u00e0&nbsp;outils&nbsp;&#8211;&nbsp;Renforcer&nbsp;le&nbsp;r\u00e9f\u00e9rencement&nbsp;vers&nbsp;les organisations francophones<\/span><\/a><span data-ccp-props=\"{&quot;201341983&quot;:0,&quot;335559739&quot;:330,&quot;335559740&quot;:240}\">&nbsp;<\/span><\/li>\n<\/ul>\n<ul>\n<li aria-setsize=\"-1\" data-leveltext=\"\uf0b7\" data-font=\"Symbol\" data-listid=\"14\" data-list-defn-props=\"{&quot;335552541&quot;:1,&quot;335559685&quot;:720,&quot;335559991&quot;:360,&quot;469769226&quot;:&quot;Symbol&quot;,&quot;469769242&quot;:[8226],&quot;469777803&quot;:&quot;left&quot;,&quot;469777804&quot;:&quot;\uf0b7&quot;,&quot;469777815&quot;:&quot;hybridMultilevel&quot;}\" data-aria-posinset=\"3\" data-aria-level=\"1\"><a href=\"https:\/\/www.amssa.org\/fr\/resource\/table-ronde-virtuelle-mois-de-lhistoire-des-noirs-diversite-et-inclusion-renforcer-lintegration-et-letablissement-des-communautes-francophones-racialisees\/\"><span data-contrast=\"none\">Table Ronde virtuelle &#8211; Mois de l\u2019histoire des Noirs \u2013 Diversit\u00e9 et Inclusion : Renforcer l\u2019int\u00e9gration et l\u2019\u00e9tablissement des communaut\u00e9s francophones racialis\u00e9es<\/span><\/a><span data-ccp-props=\"{&quot;201341983&quot;:0,&quot;335559739&quot;:330,&quot;335559740&quot;:240}\">&nbsp;<\/span><\/li>\n<\/ul>\n<p>[\/vc_column_text][\/vc_column][\/vc_row]<\/p>\n<\/div>","protected":false},"excerpt":{"rendered":"<p>[vc_row][vc_column][vc_column_text css=\u00a0\u00bb\u00a0\u00bb] Webinaire &#8211; Solidifier les relations avec le secteur francophone en Colombie Britannique : Vers un renforcement de l\u2019aiguillage <\/p>\n<div id=\"exceprt\"><a title=\"FULL STORY\" href=\"https:\/\/www.amssa.org\/fr\/renforcer-le-secteur-francophone\/\"><\/a><\/div>\n","protected":false},"author":77,"featured_media":0,"parent":0,"menu_order":0,"comment_status":"closed","ping_status":"closed","template":"","meta":{"_monsterinsights_skip_tracking":false,"_monsterinsights_sitenote_active":false,"_monsterinsights_sitenote_note":"","_monsterinsights_sitenote_category":0,"_genesis_hide_title":false,"_genesis_hide_breadcrumbs":false,"_genesis_hide_singular_image":false,"_genesis_hide_footer_widgets":false,"_genesis_custom_body_class":"","_genesis_custom_post_class":"","_genesis_layout":"","ngg_post_thumbnail":0,"h5ap_radio_sources":[],"footnotes":""},"class_list":["post-49032","page","type-page","status-publish","entry"],"_links":{"self":[{"href":"https:\/\/www.amssa.org\/fr\/wp-json\/wp\/v2\/pages\/49032","targetHints":{"allow":["GET"]}}],"collection":[{"href":"https:\/\/www.amssa.org\/fr\/wp-json\/wp\/v2\/pages"}],"about":[{"href":"https:\/\/www.amssa.org\/fr\/wp-json\/wp\/v2\/types\/page"}],"author":[{"embeddable":true,"href":"https:\/\/www.amssa.org\/fr\/wp-json\/wp\/v2\/users\/77"}],"replies":[{"embeddable":true,"href":"https:\/\/www.amssa.org\/fr\/wp-json\/wp\/v2\/comments?post=49032"}],"version-history":[{"count":2,"href":"https:\/\/www.amssa.org\/fr\/wp-json\/wp\/v2\/pages\/49032\/revisions"}],"predecessor-version":[{"id":49034,"href":"https:\/\/www.amssa.org\/fr\/wp-json\/wp\/v2\/pages\/49032\/revisions\/49034"}],"wp:attachment":[{"href":"https:\/\/www.amssa.org\/fr\/wp-json\/wp\/v2\/media?parent=49032"}],"curies":[{"name":"wp","href":"https:\/\/api.w.org\/{rel}","templated":true}]}}