{"id":29311,"date":"2020-06-20T05:53:18","date_gmt":"2020-06-20T12:53:18","guid":{"rendered":"https:\/\/www.amssa.org\/?page_id=29311"},"modified":"2025-04-15T18:48:04","modified_gmt":"2025-04-16T01:48:04","slug":"medias","status":"publish","type":"page","link":"https:\/\/www.amssa.org\/fr\/a-propos\/medias\/","title":{"rendered":"M\u00e9dias"},"content":{"rendered":"<p>Veuillez adresser les demandes de la part des m\u00e9dias \u00e0 AMSSA, par courriel \u00e0 communications@amssa.org, ou par t\u00e9l\u00e9phone au 604-718-2780.<\/p>\n<hr>\n<h2 class=\"video-title\">Une coalition nationale publie une lettre ouverte aux dirigeants f\u00e9d\u00e9raux,<br \/>\nappelant \u00e0 une vision unifi\u00e9e de l&rsquo;immigration<\/h2>\n<p>15 avril, 2025 &#8211;&nbsp; Une coalition de plus de 100 groupes communautaires et d&rsquo;entreprises de tout le pays a publi\u00e9 aujourd&rsquo;hui une lettre ouverte appelant les dirigeants f\u00e9d\u00e9raux \u00e0 s&rsquo;engager \u00e0 renouveler une vision positive pour l&rsquo;immigration qui est unificatrice et qui cr\u00e9e des progr\u00e8s communs.<\/p>\n<p>[<a href=\"https:\/\/www.amssa.org\/fr\/a-propos\/medias\/avis-aux-medias-coalition-nationale-publie-une-lettre-ouverte-aux-dirigeants-federaux\/\">lire plus&#8230;<\/a>]<\/p>\n<hr>\n","protected":false},"excerpt":{"rendered":"<p>Veuillez adresser les demandes de la part des m\u00e9dias \u00e0 AMSSA, par courriel \u00e0 communications@amssa.org, ou par t\u00e9l\u00e9phone au 604-718-2780. <\/p>\n<div id=\"exceprt\"><a title=\"FULL STORY\" href=\"https:\/\/www.amssa.org\/fr\/a-propos\/medias\/\"><\/a><\/div>\n","protected":false},"author":77,"featured_media":27371,"parent":29149,"menu_order":0,"comment_status":"closed","ping_status":"closed","template":"","meta":{"_monsterinsights_skip_tracking":false,"_monsterinsights_sitenote_active":false,"_monsterinsights_sitenote_note":"","_monsterinsights_sitenote_category":0,"_genesis_hide_title":false,"_genesis_hide_breadcrumbs":false,"_genesis_hide_singular_image":false,"_genesis_hide_footer_widgets":false,"_genesis_custom_body_class":"","_genesis_custom_post_class":"","_genesis_layout":"","ngg_post_thumbnail":0,"h5ap_radio_sources":[],"footnotes":""},"class_list":["post-29311","page","type-page","status-publish","has-post-thumbnail","entry"],"_links":{"self":[{"href":"https:\/\/www.amssa.org\/fr\/wp-json\/wp\/v2\/pages\/29311","targetHints":{"allow":["GET"]}}],"collection":[{"href":"https:\/\/www.amssa.org\/fr\/wp-json\/wp\/v2\/pages"}],"about":[{"href":"https:\/\/www.amssa.org\/fr\/wp-json\/wp\/v2\/types\/page"}],"author":[{"embeddable":true,"href":"https:\/\/www.amssa.org\/fr\/wp-json\/wp\/v2\/users\/77"}],"replies":[{"embeddable":true,"href":"https:\/\/www.amssa.org\/fr\/wp-json\/wp\/v2\/comments?post=29311"}],"version-history":[{"count":6,"href":"https:\/\/www.amssa.org\/fr\/wp-json\/wp\/v2\/pages\/29311\/revisions"}],"predecessor-version":[{"id":48106,"href":"https:\/\/www.amssa.org\/fr\/wp-json\/wp\/v2\/pages\/29311\/revisions\/48106"}],"up":[{"embeddable":true,"href":"https:\/\/www.amssa.org\/fr\/wp-json\/wp\/v2\/pages\/29149"}],"wp:featuredmedia":[{"embeddable":true,"href":"https:\/\/www.amssa.org\/fr\/wp-json\/wp\/v2\/media\/27371"}],"wp:attachment":[{"href":"https:\/\/www.amssa.org\/fr\/wp-json\/wp\/v2\/media?parent=29311"}],"curies":[{"name":"wp","href":"https:\/\/api.w.org\/{rel}","templated":true}]}}