{"id":29242,"date":"2015-05-11T10:26:56","date_gmt":"2015-05-11T17:26:56","guid":{"rendered":"https:\/\/www.amssa.org\/?page_id=29242"},"modified":"2023-12-31T15:28:47","modified_gmt":"2023-12-31T22:28:47","slug":"reseau-info-sur-letablissement","status":"publish","type":"page","link":"https:\/\/www.amssa.org\/fr\/reseau-info-sur-letablissement\/","title":{"rendered":"R\u00e9seau-info sur l\u2019\u00e9tablissement"},"content":{"rendered":"<div id=\"pl-29242\"  class=\"panel-layout\" ><div id=\"pg-29242-0\"  class=\"panel-grid panel-no-style\" ><div id=\"pgc-29242-0-0\"  class=\"panel-grid-cell\" ><div id=\"panel-29242-0-0-0\" class=\"so-panel widget widget_sow-editor panel-first-child panel-last-child widgetopts-SO\" data-index=\"0\" ><div\n\t\t\t\n\t\t\tclass=\"so-widget-sow-editor so-widget-sow-editor-base\"\n\t\t\t\n\t\t>\n<div class=\"siteorigin-widget-tinymce textwidget\">\n\t<p>Le R\u00e9seau-Info sur l\u2019\u00e9tablissement est un site Web et une base de donn\u00e9es prot\u00e9g\u00e9s par un mot de passe qui fournit des informations et des ressources fiables et opportunes sur l\u2019immigration, la r\u00e9installation et la migration au secteur de l\u2019\u00e9tablissement. Chaque mardi matin, un courriel de mise \u00e0 jour hebdomadaire est envoy\u00e9 et comprend les derni\u00e8res nouvelles, mises \u00e0 jour, initiatives et ressources sur l\u2019\u00e9tablissement.<\/p>\n<p style=\"text-align: center;\"><a class=\"learn-btn1\" href=\"https:\/\/setnet.amssa.org\/fr\/\" target=\"new\" rel=\"noopener\">SE CONNECTER AU R\u00c9SEAU-INFO SUR L\u2019\u00c9TABLISSEMENT<\/a><\/p>\n<p><strong>Vous n\u2019avez pas de param\u00e8tres de connexion? Inscrivez-vous au R\u00e9seau-Info sur l\u2019\u00e9tablissement, c\u2019est gratuit!&nbsp;<\/strong><a href=\"https:\/\/setnet.amssa.org\/fr\/\" target=\"_blank\" rel=\"noopener noreferrer\">Pour vous inscrire au R\u00e9seau-Info sur l\u2019\u00e9tablissement, cliquez ici.<\/a><\/p>\n<p><strong>&nbsp;Vous avez oubli\u00e9 votre mot de passe?<\/strong>&nbsp;Pour vous faire envoyer vos param\u00e8tres de connexion, communiquez avec nous, \u00e0 <a href=\"mailto:setnet@amssa.org\">setnet@amssa.org<\/a>.<\/p>\n<\/div>\n<\/div><\/div><\/div><\/div><\/div>","protected":false},"excerpt":{"rendered":"<p>Le R\u00e9seau-Info sur l\u2019\u00e9tablissement est un site Web et une base de donn\u00e9es prot\u00e9g\u00e9s par un mot de passe qui <\/p>\n<div id=\"exceprt\"><a title=\"FULL STORY\" href=\"https:\/\/www.amssa.org\/fr\/reseau-info-sur-letablissement\/\"><\/a><\/div>\n","protected":false},"author":77,"featured_media":41517,"parent":0,"menu_order":0,"comment_status":"open","ping_status":"open","template":"","meta":{"_monsterinsights_skip_tracking":false,"_monsterinsights_sitenote_active":false,"_monsterinsights_sitenote_note":"","_monsterinsights_sitenote_category":0,"_genesis_hide_title":false,"_genesis_hide_breadcrumbs":false,"_genesis_hide_singular_image":false,"_genesis_hide_footer_widgets":false,"_genesis_custom_body_class":"","_genesis_custom_post_class":"","_genesis_layout":"","ngg_post_thumbnail":0,"h5ap_radio_sources":[],"footnotes":""},"class_list":["post-29242","page","type-page","status-publish","has-post-thumbnail","entry"],"_links":{"self":[{"href":"https:\/\/www.amssa.org\/fr\/wp-json\/wp\/v2\/pages\/29242","targetHints":{"allow":["GET"]}}],"collection":[{"href":"https:\/\/www.amssa.org\/fr\/wp-json\/wp\/v2\/pages"}],"about":[{"href":"https:\/\/www.amssa.org\/fr\/wp-json\/wp\/v2\/types\/page"}],"author":[{"embeddable":true,"href":"https:\/\/www.amssa.org\/fr\/wp-json\/wp\/v2\/users\/77"}],"replies":[{"embeddable":true,"href":"https:\/\/www.amssa.org\/fr\/wp-json\/wp\/v2\/comments?post=29242"}],"version-history":[{"count":3,"href":"https:\/\/www.amssa.org\/fr\/wp-json\/wp\/v2\/pages\/29242\/revisions"}],"predecessor-version":[{"id":40390,"href":"https:\/\/www.amssa.org\/fr\/wp-json\/wp\/v2\/pages\/29242\/revisions\/40390"}],"wp:featuredmedia":[{"embeddable":true,"href":"https:\/\/www.amssa.org\/fr\/wp-json\/wp\/v2\/media\/41517"}],"wp:attachment":[{"href":"https:\/\/www.amssa.org\/fr\/wp-json\/wp\/v2\/media?parent=29242"}],"curies":[{"name":"wp","href":"https:\/\/api.w.org\/{rel}","templated":true}]}}