{"id":29182,"date":"2020-06-20T06:06:24","date_gmt":"2020-06-20T13:06:24","guid":{"rendered":"https:\/\/www.amssa.org\/?page_id=29182"},"modified":"2022-06-08T10:05:36","modified_gmt":"2022-06-08T17:05:36","slug":"institut-de-formation-damssa","status":"publish","type":"page","link":"https:\/\/www.amssa.org\/fr\/programmes\/institut-de-formation-damssa\/","title":{"rendered":"Institut de formation d\u2019AMSSA"},"content":{"rendered":"<p>L\u2019institut de formation d\u2019AMSSA offre des activit\u00e9s et des ressources de formation en ligne, dont des webinaires, les panels AMSSATalk, les conf\u00e9rences d\u2019AMSSA et des cours en ligne.<\/p>\n<p>L\u2019apprentissage en ligne offert aborde une vaste gamme de sujets, notamment les voies d\u2019acc\u00e8s \u00e0 la permanence pour les r\u00e9sidents et r\u00e9sidentes temporaires, la sant\u00e9 mentale des personnes r\u00e9fugi\u00e9es, les normes d\u2019emploi de la C.-B. et la litt\u00e9ratie raciale, afin d\u2019aider nos membres et nos intervenants \u00e0 fournir des services et des programmes \u00e0 leurs communaut\u00e9s.<\/p>\n","protected":false},"excerpt":{"rendered":"<p>L\u2019institut de formation d\u2019AMSSA offre des activit\u00e9s et des ressources de formation en ligne, dont des webinaires, les panels AMSSATalk, <\/p>\n<div id=\"exceprt\"><a title=\"FULL STORY\" href=\"https:\/\/www.amssa.org\/fr\/programmes\/institut-de-formation-damssa\/\"><\/a><\/div>\n","protected":false},"author":77,"featured_media":27391,"parent":29175,"menu_order":0,"comment_status":"closed","ping_status":"closed","template":"","meta":{"_monsterinsights_skip_tracking":false,"_monsterinsights_sitenote_active":false,"_monsterinsights_sitenote_note":"","_monsterinsights_sitenote_category":0,"_genesis_hide_title":false,"_genesis_hide_breadcrumbs":false,"_genesis_hide_singular_image":false,"_genesis_hide_footer_widgets":false,"_genesis_custom_body_class":"","_genesis_custom_post_class":"","_genesis_layout":"","ngg_post_thumbnail":0,"h5ap_radio_sources":[],"footnotes":""},"class_list":["post-29182","page","type-page","status-publish","has-post-thumbnail","entry"],"_links":{"self":[{"href":"https:\/\/www.amssa.org\/fr\/wp-json\/wp\/v2\/pages\/29182","targetHints":{"allow":["GET"]}}],"collection":[{"href":"https:\/\/www.amssa.org\/fr\/wp-json\/wp\/v2\/pages"}],"about":[{"href":"https:\/\/www.amssa.org\/fr\/wp-json\/wp\/v2\/types\/page"}],"author":[{"embeddable":true,"href":"https:\/\/www.amssa.org\/fr\/wp-json\/wp\/v2\/users\/77"}],"replies":[{"embeddable":true,"href":"https:\/\/www.amssa.org\/fr\/wp-json\/wp\/v2\/comments?post=29182"}],"version-history":[{"count":2,"href":"https:\/\/www.amssa.org\/fr\/wp-json\/wp\/v2\/pages\/29182\/revisions"}],"predecessor-version":[{"id":30809,"href":"https:\/\/www.amssa.org\/fr\/wp-json\/wp\/v2\/pages\/29182\/revisions\/30809"}],"up":[{"embeddable":true,"href":"https:\/\/www.amssa.org\/fr\/wp-json\/wp\/v2\/pages\/29175"}],"wp:featuredmedia":[{"embeddable":true,"href":"https:\/\/www.amssa.org\/fr\/wp-json\/wp\/v2\/media\/27391"}],"wp:attachment":[{"href":"https:\/\/www.amssa.org\/fr\/wp-json\/wp\/v2\/media?parent=29182"}],"curies":[{"name":"wp","href":"https:\/\/api.w.org\/{rel}","templated":true}]}}