{"id":29180,"date":"2020-06-20T06:05:55","date_gmt":"2020-06-20T13:05:55","guid":{"rendered":"https:\/\/www.amssa.org\/?page_id=29180"},"modified":"2022-06-08T09:59:39","modified_gmt":"2022-06-08T16:59:39","slug":"migrant-worker-hub","status":"publish","type":"page","link":"https:\/\/www.amssa.org\/fr\/programmes\/migrant-worker-hub\/","title":{"rendered":"Migrant Worker Hub"},"content":{"rendered":"<h2>Renforcement des capacit\u00e9s pour soutenir les travailleuses et les travailleurs migrants en Colombie-Britannique<\/h2>\n<p><img loading=\"lazy\" decoding=\"async\" class=\"alignnone wp-image-27380\" src=\"https:\/\/www.amssa.org\/wp-content\/uploads\/2020\/09\/migrantworker-logo-primary-web.png\" alt=\"\" width=\"438\" height=\"219\" srcset=\"https:\/\/www.amssa.org\/wp-content\/uploads\/2020\/09\/migrantworker-logo-primary-web.png 800w, https:\/\/www.amssa.org\/wp-content\/uploads\/2020\/09\/migrantworker-logo-primary-web-300x150.png 300w, https:\/\/www.amssa.org\/wp-content\/uploads\/2020\/09\/migrantworker-logo-primary-web-768x384.png 768w, https:\/\/www.amssa.org\/wp-content\/uploads\/2020\/09\/migrantworker-logo-primary-web-600x300.png 600w\" sizes=\"auto, (max-width: 438px) 100vw, 438px\" \/><br \/>\nAMSSA a lanc\u00e9 le projet \u00ab\u00a0Renforcement des capacit\u00e9s pour soutenir les travailleuses et les travailleurs migrants en Colombie-Britannique\u00a0\u00bb le 4 mars 2019. Ce projet est financ\u00e9 par le r\u00e9seau de soutien aux travailleuses et travailleurs migrants du gouvernement du Canada, dont le projet pilote en Colombie-Britannique est dirig\u00e9 par Emploi et D\u00e9veloppement social Canada.<\/p>\n<p>L\u2019objectif du projet est d\u2019am\u00e9liorer les connaissances et les capacit\u00e9s des organisations d\u2019aide \u00e0 l\u2019\u00e9tablissement des travailleuses et travailleurs migrants, des syndicats, des associations professionnelles, des b\u00e9n\u00e9voles, des employeurs et de toutes les personnes qui soutiennent les travailleuses et les travailleurs migrants en Colombie-Britannique en leur fournissant des outils, des ressources et des possibilit\u00e9s de formation.<\/p>\n<p><iframe loading=\"lazy\" src=\"https:\/\/www.youtube.com\/embed\/CxeqErmtHkc\" width=\"560\" height=\"315\" frameborder=\"0\" allowfullscreen=\"allowfullscreen\"><\/iframe><\/p>\n<p>Le Migrant Worker Hub, qui est une composante du projet, fournit un contenu qui contribue \u00e0 am\u00e9liorer les conditions de travail et de vie des travailleuses et travailleurs migrants et \u00e0 \u00e9changer des connaissances avec les organisations, les employeurs et le personnel.<\/p>\n<p>Pour obtenir des ressources pertinentes aux travailleuses et travailleurs migrants, visitez\u00a0<a href=\"https:\/\/migrantworkerhub.ca\/\" target=\"_blank\" rel=\"noopener noreferrer\">www.migrantworkerhub.ca<\/a>.<\/p>\n<p>&nbsp;<\/p>\n<h2>Accro\u00eetre la capacit\u00e9 des organisations qui aident les travailleuses et les travailleurs \u00e9trangers temporaires (TET) en Colombie-Britannique<\/h2>\n<p>En mars 2020, AMSSA a lanc\u00e9 le projet intitul\u00e9 \u00ab\u00a0Accro\u00eetre la capacit\u00e9 des organisations qui aident les travailleuses et travailleurs \u00e9trangers temporaires (TET) en Colombie-Britannique\u00a0\u00bb, financ\u00e9 par WorkSafeBC.<\/p>\n<p>Ce projet vise \u00e0 accro\u00eetre la capacit\u00e9 des organisations qui aident les travailleuses et travailleurs \u00e9trangers temporaires (TET) en Colombie-Britannique, \u00e0 l\u2019aide d\u2019une carte de tous les services disponibles en Colombie-Britannique pour les TET, d\u2019une \u00e9valuation des besoins des organisations qui aident les TET, ainsi que du d\u00e9veloppement de ressources r\u00e9pondant aux besoins de formation particuliers qui ont \u00e9t\u00e9 d\u00e9termin\u00e9s par WorkSafeBC.<\/p>\n<p>L\u2019une de ces ressources d\u00e9velopp\u00e9es dans le cadre de ce projet est la carte des services d\u2019aide pour les travailleuses et les travailleurs migrants en Colombie-Britannique, qu\u2019on peut trouver <a href=\"https:\/\/www.amssa.org\/resources\/services-map\/\" target=\"_blank\" rel=\"noopener noreferrer\">en cliquant ici<\/a>.<\/p>\n<p>D\u2019autres ressources seront mises \u00e0 la disposition du public dans le cadre de ce projet, notamment des fiches d\u2019information, des cours d\u2019apprentissage en ligne et des ateliers de formation r\u00e9pondant \u00e0 divers besoins de formation de WorkSafeBC.<\/p>\n","protected":false},"excerpt":{"rendered":"<p>Renforcement des capacit\u00e9s pour soutenir les travailleuses et les travailleurs migrants en Colombie-Britannique AMSSA a lanc\u00e9 le projet \u00ab\u00a0Renforcement des <\/p>\n<div id=\"exceprt\"><a title=\"FULL STORY\" href=\"https:\/\/www.amssa.org\/fr\/programmes\/migrant-worker-hub\/\"><\/a><\/div>\n","protected":false},"author":77,"featured_media":16792,"parent":29175,"menu_order":0,"comment_status":"closed","ping_status":"closed","template":"","meta":{"_monsterinsights_skip_tracking":false,"_monsterinsights_sitenote_active":false,"_monsterinsights_sitenote_note":"","_monsterinsights_sitenote_category":0,"_genesis_hide_title":false,"_genesis_hide_breadcrumbs":false,"_genesis_hide_singular_image":false,"_genesis_hide_footer_widgets":false,"_genesis_custom_body_class":"","_genesis_custom_post_class":"","_genesis_layout":"","ngg_post_thumbnail":0,"h5ap_radio_sources":[],"footnotes":""},"class_list":["post-29180","page","type-page","status-publish","has-post-thumbnail","entry"],"_links":{"self":[{"href":"https:\/\/www.amssa.org\/fr\/wp-json\/wp\/v2\/pages\/29180","targetHints":{"allow":["GET"]}}],"collection":[{"href":"https:\/\/www.amssa.org\/fr\/wp-json\/wp\/v2\/pages"}],"about":[{"href":"https:\/\/www.amssa.org\/fr\/wp-json\/wp\/v2\/types\/page"}],"author":[{"embeddable":true,"href":"https:\/\/www.amssa.org\/fr\/wp-json\/wp\/v2\/users\/77"}],"replies":[{"embeddable":true,"href":"https:\/\/www.amssa.org\/fr\/wp-json\/wp\/v2\/comments?post=29180"}],"version-history":[{"count":3,"href":"https:\/\/www.amssa.org\/fr\/wp-json\/wp\/v2\/pages\/29180\/revisions"}],"predecessor-version":[{"id":30808,"href":"https:\/\/www.amssa.org\/fr\/wp-json\/wp\/v2\/pages\/29180\/revisions\/30808"}],"up":[{"embeddable":true,"href":"https:\/\/www.amssa.org\/fr\/wp-json\/wp\/v2\/pages\/29175"}],"wp:featuredmedia":[{"embeddable":true,"href":"https:\/\/www.amssa.org\/fr\/wp-json\/wp\/v2\/media\/16792"}],"wp:attachment":[{"href":"https:\/\/www.amssa.org\/fr\/wp-json\/wp\/v2\/media?parent=29180"}],"curies":[{"name":"wp","href":"https:\/\/api.w.org\/{rel}","templated":true}]}}