{"id":29142,"date":"2020-06-20T05:59:10","date_gmt":"2020-06-20T12:59:10","guid":{"rendered":"https:\/\/www.amssa.org\/?page_id=29142"},"modified":"2022-03-25T18:31:34","modified_gmt":"2022-03-26T01:31:34","slug":"babillard-du-ccii","status":"publish","type":"page","link":"https:\/\/www.amssa.org\/fr\/membres\/comite-de-la-coordination-de-lintegration-des-immigrants-ccii\/babillard-du-ccii\/","title":{"rendered":"Babillard du CCII"},"content":{"rendered":"<div id=\"pl-29142\"  class=\"panel-layout\" ><div id=\"pg-29142-0\"  class=\"panel-grid panel-no-style\" ><div id=\"pgc-29142-0-0\"  class=\"panel-grid-cell\" ><div id=\"panel-29142-0-0-0\" class=\"so-panel widget widget_sow-editor panel-first-child panel-last-child widgetopts-SO\" data-index=\"0\" ><div\n\t\t\t\n\t\t\tclass=\"so-widget-sow-editor so-widget-sow-editor-base\"\n\t\t\t\n\t\t>\n<div class=\"siteorigin-widget-tinymce textwidget\">\n\t<p>Les membres du CCII peuvent acc\u00e9der \u00e0 une base de donn\u00e9es r\u00e9serv\u00e9e aux membres qui comprend d\u2019importantes mises \u00e0 jour sur le secteur de l\u2019\u00e9tablissement et de l\u2019int\u00e9gration, des renseignements g\u00e9n\u00e9raux sur l\u2019immigration, les personnes r\u00e9fugi\u00e9es, les nouveaux arrivants et arrivantes, ainsi que des changements de politique et des annonces. La base de donn\u00e9es fournit aux membres des pistes de financement ainsi que les proc\u00e8s-verbaux des r\u00e9unions du CCIII, des rapports et d\u2019autres documents d\u2019AMSSA.&nbsp;<\/p>\n<p>Les membres du CCII re\u00e7oivent des courriels de mise \u00e0 jour hebdomadaire le mardi.<\/p>\n<p style=\"text-align: center;\"><a class=\"learn-btn1\" href=\"http:\/\/boards.amssa.org\/iicc\/\" target=\"new\" rel=\"noopener\">CONNECTEZ-VOUS<\/a><\/p>\n<\/div>\n<\/div><\/div><\/div><\/div><\/div>","protected":false},"excerpt":{"rendered":"<p>Les membres du CCII peuvent acc\u00e9der \u00e0 une base de donn\u00e9es r\u00e9serv\u00e9e aux membres qui comprend d\u2019importantes mises \u00e0 jour <\/p>\n<div id=\"exceprt\"><a title=\"FULL STORY\" href=\"https:\/\/www.amssa.org\/fr\/membres\/comite-de-la-coordination-de-lintegration-des-immigrants-ccii\/babillard-du-ccii\/\"><\/a><\/div>\n","protected":false},"author":77,"featured_media":16556,"parent":29133,"menu_order":0,"comment_status":"closed","ping_status":"closed","template":"","meta":{"_monsterinsights_skip_tracking":false,"_monsterinsights_sitenote_active":false,"_monsterinsights_sitenote_note":"","_monsterinsights_sitenote_category":0,"_genesis_hide_title":false,"_genesis_hide_breadcrumbs":false,"_genesis_hide_singular_image":false,"_genesis_hide_footer_widgets":false,"_genesis_custom_body_class":"","_genesis_custom_post_class":"","_genesis_layout":"","ngg_post_thumbnail":0,"h5ap_radio_sources":[],"footnotes":""},"class_list":["post-29142","page","type-page","status-publish","has-post-thumbnail","entry"],"_links":{"self":[{"href":"https:\/\/www.amssa.org\/fr\/wp-json\/wp\/v2\/pages\/29142","targetHints":{"allow":["GET"]}}],"collection":[{"href":"https:\/\/www.amssa.org\/fr\/wp-json\/wp\/v2\/pages"}],"about":[{"href":"https:\/\/www.amssa.org\/fr\/wp-json\/wp\/v2\/types\/page"}],"author":[{"embeddable":true,"href":"https:\/\/www.amssa.org\/fr\/wp-json\/wp\/v2\/users\/77"}],"replies":[{"embeddable":true,"href":"https:\/\/www.amssa.org\/fr\/wp-json\/wp\/v2\/comments?post=29142"}],"version-history":[{"count":4,"href":"https:\/\/www.amssa.org\/fr\/wp-json\/wp\/v2\/pages\/29142\/revisions"}],"predecessor-version":[{"id":29535,"href":"https:\/\/www.amssa.org\/fr\/wp-json\/wp\/v2\/pages\/29142\/revisions\/29535"}],"up":[{"embeddable":true,"href":"https:\/\/www.amssa.org\/fr\/wp-json\/wp\/v2\/pages\/29133"}],"wp:featuredmedia":[{"embeddable":true,"href":"https:\/\/www.amssa.org\/fr\/wp-json\/wp\/v2\/media\/16556"}],"wp:attachment":[{"href":"https:\/\/www.amssa.org\/fr\/wp-json\/wp\/v2\/media?parent=29142"}],"curies":[{"name":"wp","href":"https:\/\/api.w.org\/{rel}","templated":true}]}}