{"id":29136,"date":"2020-06-20T05:57:49","date_gmt":"2020-06-20T12:57:49","guid":{"rendered":"https:\/\/www.amssa.org\/?page_id=29136"},"modified":"2022-03-25T17:44:11","modified_gmt":"2022-03-26T00:44:11","slug":"avantages-dune-adhesion","status":"publish","type":"page","link":"https:\/\/www.amssa.org\/fr\/membres\/avantages-dune-adhesion\/","title":{"rendered":"Avantages d\u2019une adh\u00e9sion"},"content":{"rendered":"<p>AMSSA facilite le leadership de collaboration, l\u2019\u00e9change de connaissances et la mobilisation d\u2019intervenants pour soutenir les organismes membres qui servent les personnes immigrantes, et pour d\u00e9velopper des collectivit\u00e9s inclusives sur le plan culturel.<\/p>\n<p><strong>Voici les avantages d\u2019une adh\u00e9sion \u00e0 AMSSA:<\/strong><\/p>\n<ul>\n<li>Vous soutenez la croissance et le d\u00e9veloppement du secteur des services aux nouveaux arrivants et arrivantes, ainsi que l\u2019avancement de la justice, de l\u2019\u00e9quit\u00e9, de la diversit\u00e9 et de l\u2019inclusion (JEDI);<\/li>\n<li>Vous participez \u00e0 un r\u00e9seau provincial d\u2019organisations et de professionnels et professionnelles au service des personnes immigrantes ainsi que des nouveaux arrivants et arrivantes, afin de faire part de vos pratiques exemplaires, de vos strat\u00e9gies de communication, des probl\u00e8mes \u00e9mergents et des tendances \u00e0 travers la Colombie-Britannique et le Canada;<\/li>\n<li>Vous soutenez et obtenez l\u2019acc\u00e8s \u00e0 des ressources actualis\u00e9es sur les enjeux importants qui touchent les nouveaux arrivants et arrivantes au Canada, en Colombie-Britannique et dans ses communaut\u00e9s, gr\u00e2ce \u00e0 des communications r\u00e9serv\u00e9es aux membres sur les derni\u00e8res nouvelles et les possibilit\u00e9s offertes par les organisations et le gouvernement;<\/li>\n<li>Vous obtenez des possibilit\u00e9s de perfectionnement professionnel ou de formation \u00e0 un co\u00fbt r\u00e9duit ou gratuit, ainsi que des avantages exclusivement r\u00e9serv\u00e9s aux membres, y compris des webinaires, des r\u00e9unions et des dialogues qui comblent les lacunes d\u00e9termin\u00e9es par nos membres en mati\u00e8re de connaissances;\n<ul>\n<li>Au nombre des \u00e9v\u00e9nements r\u00e9cents, mentionnons une discussion en direct avec un avocat sp\u00e9cialiste de l\u2019emploi, des pr\u00e9sentations sur la nouvelle loi de la C.-B. sur le lobbying (BC Lobbying Act), et des r\u00e9unions r\u00e9gionales;<\/li>\n<\/ul>\n<\/li>\n<li>Vous pouvez participer aux ateliers sur la diversit\u00e9 et l\u2019inclusion d\u2019AMSSA, y compris l\u2019atelier Introduction \u00e0 la diversit\u00e9 et \u00e0 l\u2019inclusion de <em>Safe Harbour : Respect for all<\/em>, et aux modules d\u2019apprentissage \u00e9lectronique \u00e0 un co\u00fbt r\u00e9duit;<\/li>\n<li>Vous b\u00e9n\u00e9ficiez de possibilit\u00e9s de collecte de fonds et de partenariat avec AMSSA, au moyen de l\u2019atelier en ligne Introduction \u00e0 la diversit\u00e9 et \u00e0 l\u2019inclusion de <em>Safe Harbour : Respect for all<\/em> et des calendriers multiconfessionnels;<\/li>\n<li>La visibilit\u00e9 de votre organisation s\u2019accro\u00eet, gr\u00e2ce:\n<ul>\n<li>\u00e0 sa mention dans le r\u00e9pertoire des membres sur le site Web d\u2019AMSSA;&nbsp;<\/li>\n<li>les offres d\u2019emploi et les annonces d\u2019activit\u00e9s publi\u00e9es sur le site Web d\u2019AMSSA;<\/li>\n<li>les prix de la diversit\u00e9 d\u00e9cern\u00e9s par AMSSA; et<\/li>\n<li>votre participation au r\u00e9seau de m\u00e9dias sociaux d\u2019AMSSA en pleine expansion et la pr\u00e9sence en ligne d\u2019AMSSA.<\/li>\n<\/ul>\n<\/li>\n<li>Vous b\u00e9n\u00e9ficiez d\u2019aubaines li\u00e9es \u00e0 notre organisation, avec des offres comp\u00e9titives pour:\n<ul>\n<li>une police d\u2019assurance de responsabilit\u00e9 civile g\u00e9n\u00e9rale et une assurance de responsabilit\u00e9 pour les membres du conseil d\u2019administration, de la part de Metrix Professional Insurance Brokers;<\/li>\n<li>un r\u00e9gime d\u2019assurance maladie collective compl\u00e9mentaire, de la part de Delta Pacific Benefit Brokers Ltd.<\/li>\n<\/ul>\n<\/li>\n<\/ul>\n<p><strong>Vous souhaitez devenir membre d\u2019AMSSA?<\/strong> Pour recevoir un formulaire de demande d\u2019adh\u00e9sion, \u00e9crivez-nous \u00e0 <a href=\"mailto:amssa@amssa.org\">amssa@amssa.org<\/a>.<\/p>\n","protected":false},"excerpt":{"rendered":"<p>AMSSA facilite le leadership de collaboration, l\u2019\u00e9change de connaissances et la mobilisation d\u2019intervenants pour soutenir les organismes membres qui servent <\/p>\n<div id=\"exceprt\"><a title=\"FULL STORY\" href=\"https:\/\/www.amssa.org\/fr\/membres\/avantages-dune-adhesion\/\"><\/a><\/div>\n","protected":false},"author":77,"featured_media":16571,"parent":28939,"menu_order":0,"comment_status":"closed","ping_status":"closed","template":"","meta":{"_monsterinsights_skip_tracking":false,"_monsterinsights_sitenote_active":false,"_monsterinsights_sitenote_note":"","_monsterinsights_sitenote_category":0,"_genesis_hide_title":false,"_genesis_hide_breadcrumbs":false,"_genesis_hide_singular_image":false,"_genesis_hide_footer_widgets":false,"_genesis_custom_body_class":"","_genesis_custom_post_class":"","_genesis_layout":"","ngg_post_thumbnail":0,"h5ap_radio_sources":[],"footnotes":""},"class_list":["post-29136","page","type-page","status-publish","has-post-thumbnail","entry"],"_links":{"self":[{"href":"https:\/\/www.amssa.org\/fr\/wp-json\/wp\/v2\/pages\/29136","targetHints":{"allow":["GET"]}}],"collection":[{"href":"https:\/\/www.amssa.org\/fr\/wp-json\/wp\/v2\/pages"}],"about":[{"href":"https:\/\/www.amssa.org\/fr\/wp-json\/wp\/v2\/types\/page"}],"author":[{"embeddable":true,"href":"https:\/\/www.amssa.org\/fr\/wp-json\/wp\/v2\/users\/77"}],"replies":[{"embeddable":true,"href":"https:\/\/www.amssa.org\/fr\/wp-json\/wp\/v2\/comments?post=29136"}],"version-history":[{"count":3,"href":"https:\/\/www.amssa.org\/fr\/wp-json\/wp\/v2\/pages\/29136\/revisions"}],"predecessor-version":[{"id":29532,"href":"https:\/\/www.amssa.org\/fr\/wp-json\/wp\/v2\/pages\/29136\/revisions\/29532"}],"up":[{"embeddable":true,"href":"https:\/\/www.amssa.org\/fr\/wp-json\/wp\/v2\/pages\/28939"}],"wp:featuredmedia":[{"embeddable":true,"href":"https:\/\/www.amssa.org\/fr\/wp-json\/wp\/v2\/media\/16571"}],"wp:attachment":[{"href":"https:\/\/www.amssa.org\/fr\/wp-json\/wp\/v2\/media?parent=29136"}],"curies":[{"name":"wp","href":"https:\/\/api.w.org\/{rel}","templated":true}]}}