{"id":28910,"date":"2020-06-20T05:52:25","date_gmt":"2020-06-20T12:52:25","guid":{"rendered":"https:\/\/www.amssa.org\/?page_id=28910"},"modified":"2022-03-25T15:32:18","modified_gmt":"2022-03-25T22:32:18","slug":"financement-et-rapports-annuels","status":"publish","type":"page","link":"https:\/\/www.amssa.org\/fr\/a-propos\/financement-et-rapports-annuels\/","title":{"rendered":"Financement et rapports annuels"},"content":{"rendered":"<h2>Bailleurs de fonds<\/h2>\n<p>AMSSA tient \u00e0 remercier les bailleurs de fonds, les donateurs et les donatrices qui ont vers\u00e9 des contributions financi\u00e8res importantes tout au long de l\u2019ann\u00e9e, pour leur engagement et leur soutien. Leur appui a permis \u00e0 AMSSA de maintenir la qualit\u00e9 des services et des programmes offerts aux communaut\u00e9s. (L\u2019exercice financier d\u2019AMSSA se d\u00e9roule du 1er avril au 31 mars.)<\/p>\n<p>Bailleurs de fonds en 2021-2022:<\/p>\n<ul>\n<li style=\"list-style-type: none;\">\n<ul>\n<li>Emploi et D\u00e9veloppement social Canada (EDSC)<\/li>\n<li>Immigration, R\u00e9fugi\u00e9s et Citoyennet\u00e9 Canada (IRCC)<\/li>\n<li>Province de la C.-B. \u2014 Minist\u00e8re des Affaires municipales<\/li>\n<li>WorkSafeBC<\/li>\n<\/ul>\n<\/li>\n<\/ul>\n<p>Faire un don \u00e0 AMSSA:<\/p>\n<p><a href=\"https:\/\/www.paypal.com\/cgi-bin\/webscr?cmd=_s-xclick&amp;hosted_button_id=AGJR6WYDPUBVA\" target=\"_blank\" rel=\"noopener noreferrer\"><img decoding=\"async\" src=\"http:\/\/www.amssa.org\/wp-content\/uploads\/2022\/03\/faire_don.jpg\" alt=\"faire_don\"><\/a><\/p>\n<p>Soutenez AMSSA en achetant un <a href=\"\/?page_id=221\">calendrier multiconfessionnel<\/a> !<\/p>\n<h2>Rapports annuels (en anglais)<\/h2>\n<p>Les rapports annuels d\u2019AMSSA pr\u00e9sentent une vue d\u2019ensemble des r\u00e9alisations, une liste des membres du personnel et des personnes ayant un emploi contractuel, ainsi que les \u00e9tats financiers de l\u2019exercice en cours.<\/p>\n<h3><span id=\"top-headings\">Vid\u00e9o du rapport annuel 2020-2021 (en anglais)<\/span><\/h3>\n<p><iframe loading=\"lazy\" src=\"https:\/\/www.youtube.com\/embed\/gyJJLMGFCfE\" width=\"560\" height=\"315\" frameborder=\"0\" allowfullscreen=\"allowfullscreen\"><\/iframe><\/p>\n<p>Pour en savoir plus, veuillez t\u00e9l\u00e9charger notre <a href=\"http:\/\/www.amssa.org\/wp-content\/uploads\/2021\/09\/2020-2021-Annual-Report-Digital.pdf\" target=\"_blank\" rel=\"noopener\">rapport annuel 2020-2021<\/a>.<\/p>\n<p><span id=\"top-headings\">Rapports annuels pr\u00e9c\u00e9dents (en anglais):<\/span><\/p>\n<ul>\n<li><a href=\"http:\/\/www.amssa.org\/wp-content\/uploads\/2021\/09\/2019-2020-Annual-Report-Digital.pdf\" target=\"_blank\" rel=\"noopener\">Rapport annuel 2019-2020<\/a> | <a href=\"https:\/\/youtu.be\/ornC0yjgrZQ\" target=\"_blank\" rel=\"noopener\">Vid\u00e9o du rapport annuel 2019-2020<\/a><\/li>\n<li><a href=\"http:\/\/www.amssa.org\/wp-content\/uploads\/2019\/09\/AMSSA-Report_Web.pdf\" target=\"_blank\" rel=\"noopener noreferrer\">Rapport annuel 2018-2019<\/a> | <a href=\"https:\/\/www.amssa.org\/resource\/amssa-video-annual-report-2018-2019\/\" target=\"_blank\" rel=\"noopener noreferrer\">Vid\u00e9o du rapport annuel 2018-2019<\/a><\/li>\n<li><a href=\"http:\/\/www.amssa.org\/wp-content\/uploads\/2020\/09\/2017-18-Annual-Report-FINAL.pdf\" target=\"_blank\" rel=\"noopener noreferrer\">Rapport annuel 2017-2018&nbsp;<\/a><\/li>\n<li><a href=\"http:\/\/www.amssa.org\/wp-content\/uploads\/2020\/09\/2016-2017-Annual-Report-For-Web.pdf\" target=\"_blank\" rel=\"noopener noreferrer\">Rapport annuel 2016-2017<\/a><\/li>\n<li><a href=\"https:\/\/www.amssa.org\/wp-content\/uploads\/2016\/07\/AMSSA_-15-16AnnualReport.pdf\" target=\"_blank\" rel=\"noopener noreferrer\">Rapport annuel 2015-2016<\/a><\/li>\n<li><a href=\"https:\/\/www.amssa.org\/wp-content\/uploads\/2015\/08\/2014-15_AMSSA-AnnualReport.pdf\" target=\"_blank\" rel=\"noopener noreferrer\">Rapport annuel 2014-2015 <\/a><em>(affiche de <a href=\"http:\/\/www.tracywideman.com\/\" target=\"_blank\" rel=\"noopener noreferrer\">Tracy Wideman<\/a>)<\/em><\/li>\n<li><a href=\"https:\/\/www.amssa.org\/wp-content\/uploads\/2015\/06\/AMSSA-AnnualReport_2012-13.pdf\" target=\"_blank\" rel=\"noopener noreferrer\">Rapport annuel 2012-2013<\/a><\/li>\n<li><a href=\"https:\/\/www.amssa.org\/wp-content\/uploads\/2015\/06\/AMSSA_Annual_Report_2011-2012.pdf\" target=\"_blank\" rel=\"noopener noreferrer\">Rapport annuel 2011-2012<\/a><\/li>\n<li><a href=\"https:\/\/www.amssa.org\/wp-content\/uploads\/2015\/06\/AMSSA_Annual_Report_2010-2011.pdf\" target=\"_blank\" rel=\"noopener noreferrer\">Rapport annuel 2010-2011<\/a><\/li>\n<li><a href=\"https:\/\/www.amssa.org\/wp-content\/uploads\/2015\/06\/AMSSA_Annual_Report_2009-2010.pdf\" target=\"_blank\" rel=\"noopener noreferrer\">Rapport annuel 2009-2010<\/a><\/li>\n<li><a href=\"https:\/\/www.amssa.org\/wp-content\/uploads\/2015\/06\/AMSSA_Annual_Report_2008-20091.pdf\" target=\"_blank\" rel=\"noopener noreferrer\">Rapport annuel 2008-2009<\/a><\/li>\n<\/ul>\n","protected":false},"excerpt":{"rendered":"<p>Bailleurs de fonds AMSSA tient \u00e0 remercier les bailleurs de fonds, les donateurs et les donatrices qui ont vers\u00e9 des <\/p>\n<div id=\"exceprt\"><a title=\"FULL STORY\" href=\"https:\/\/www.amssa.org\/fr\/a-propos\/financement-et-rapports-annuels\/\"><\/a><\/div>\n","protected":false},"author":77,"featured_media":27373,"parent":29149,"menu_order":0,"comment_status":"closed","ping_status":"closed","template":"","meta":{"_monsterinsights_skip_tracking":false,"_monsterinsights_sitenote_active":false,"_monsterinsights_sitenote_note":"","_monsterinsights_sitenote_category":0,"_genesis_hide_title":false,"_genesis_hide_breadcrumbs":false,"_genesis_hide_singular_image":false,"_genesis_hide_footer_widgets":false,"_genesis_custom_body_class":"","_genesis_custom_post_class":"","_genesis_layout":"","ngg_post_thumbnail":0,"h5ap_radio_sources":[],"footnotes":""},"class_list":["post-28910","page","type-page","status-publish","has-post-thumbnail","entry"],"_links":{"self":[{"href":"https:\/\/www.amssa.org\/fr\/wp-json\/wp\/v2\/pages\/28910","targetHints":{"allow":["GET"]}}],"collection":[{"href":"https:\/\/www.amssa.org\/fr\/wp-json\/wp\/v2\/pages"}],"about":[{"href":"https:\/\/www.amssa.org\/fr\/wp-json\/wp\/v2\/types\/page"}],"author":[{"embeddable":true,"href":"https:\/\/www.amssa.org\/fr\/wp-json\/wp\/v2\/users\/77"}],"replies":[{"embeddable":true,"href":"https:\/\/www.amssa.org\/fr\/wp-json\/wp\/v2\/comments?post=28910"}],"version-history":[{"count":4,"href":"https:\/\/www.amssa.org\/fr\/wp-json\/wp\/v2\/pages\/28910\/revisions"}],"predecessor-version":[{"id":29519,"href":"https:\/\/www.amssa.org\/fr\/wp-json\/wp\/v2\/pages\/28910\/revisions\/29519"}],"up":[{"embeddable":true,"href":"https:\/\/www.amssa.org\/fr\/wp-json\/wp\/v2\/pages\/29149"}],"wp:featuredmedia":[{"embeddable":true,"href":"https:\/\/www.amssa.org\/fr\/wp-json\/wp\/v2\/media\/27373"}],"wp:attachment":[{"href":"https:\/\/www.amssa.org\/fr\/wp-json\/wp\/v2\/media?parent=28910"}],"curies":[{"name":"wp","href":"https:\/\/api.w.org\/{rel}","templated":true}]}}