{"id":28842,"date":"2015-07-30T10:22:32","date_gmt":"2015-07-30T17:22:32","guid":{"rendered":"https:\/\/www.amssa.org\/?page_id=28842"},"modified":"2025-02-14T15:14:28","modified_gmt":"2025-02-14T23:14:28","slug":"reseaux-nationaux-et-regionaux","status":"publish","type":"page","link":"https:\/\/www.amssa.org\/fr\/reseaux-nationaux-et-regionaux\/","title":{"rendered":"R\u00c9SEAUX NATIONAUX ET R\u00c9GIONAUX"},"content":{"rendered":"<p>AMSSA est membre ou fait partie de plusieurs r\u00e9seaux compos\u00e9s de professionnels et de professionnelles de partout au Canada \u0153uvrant dans les domaines de la diversit\u00e9, de l\u2019inclusion et des services aux nouveaux arrivants et arrivantes. L\u2019objectif est de partager l\u2019information, de dialoguer et de consulter \u00e0 l\u2019\u00e9chelle nationale et r\u00e9gionale, afin d\u2019\u00e9clairer les politiques.<\/p>\n<h2>Conseil canadien pour les r\u00e9fugi\u00e9s (CCR)<\/h2>\n<p>Le Conseil canadien pour les r\u00e9fugi\u00e9s est un organisme national sans but lucratif qui se voue \u00e0:<\/p>\n<ul>\n<li>la d\u00e9fense des droits et \u00e0 la protection des personnes r\u00e9fugi\u00e9es et migrantes vuln\u00e9rables au Canada et dans le monde; et \u00e0<\/li>\n<li>l\u2019\u00e9tablissement des personnes r\u00e9fugi\u00e9es et immigrantes au Canada.<\/li>\n<\/ul>\n<p><a href=\"http:\/\/www.ccrweb.ca\" target=\"_blank\" rel=\"noopener noreferrer\">En savoir plus&nbsp;<\/a><\/p>\n<h2>Child and Youth Refugee Research Coalition (CYRRC)<\/h2>\n<p>La Child and Youth Refugee Research Coalition (CYRRC) est une coalition de plus de 100 universitaires, organisations de fournisseurs de services et d\u2019\u00e9ducation, ainsi que de fonctionnaires des gouvernements f\u00e9d\u00e9ral et provinciaux vou\u00e9s \u00e0 favoriser l\u2019int\u00e9gration r\u00e9ussie des enfants et des jeunes r\u00e9fugi\u00e9s et r\u00e9fugi\u00e9es au Canada. L\u2019objectif de la Coalition est de mieux comprendre les facteurs qui menacent l\u2019int\u00e9gration des jeunes r\u00e9fugi\u00e9s et r\u00e9fugi\u00e9es, ainsi que de transposer la recherche en politiques et en pratiques \u00e0 l\u2019appui d\u2019une r\u00e9installation r\u00e9ussie. L\u2019un des principaux objectifs de la Coalition est de g\u00e9n\u00e9rer des recherches et des outils qui r\u00e9pondent directement aux priorit\u00e9s des fournisseurs de services.<\/p>\n<p><a href=\"https:\/\/www.dal.ca\/faculty\/health\/socialwork\/research\/the-child-and-youth-refugee-research-coalition--cyrrc-.html\" target=\"_blank\" rel=\"noopener noreferrer\">En savoir plus<\/a><\/p>\n<h2>LGBTQ+ Newcomers Services Providers Network<\/h2>\n<p>Le LGBTQ+ Newcomers Service Providers Network est un groupe de fournisseurs de services, d\u2019organismes et de personnes qui partagent leurs connaissances et leurs ressources au sein d\u2019un r\u00e9seau de soutien communautaire \u00e0 l\u2019intention des nouveaux arrivants et arrivantes qui sont des personnes LGBTQ+. L\u2019objectif de ce groupe est de contribuer \u00e0 am\u00e9liorer le soutien et \u00e0 combler les lacunes qui existent dans les services offerts aux nouveaux arrivants et arrivantes LGBTQ+ \u00e0 Vancouver et dans la vall\u00e9e du bas Fraser.<\/p>\n<h2>Metropolis Canada<\/h2>\n<p>Metropolis est un r\u00e9seau international de recherche comparative et d\u2019\u00e9laboration de politiques publiques sur la migration, la diversit\u00e9 et l\u2019int\u00e9gration des personnes immigrantes dans les villes du Canada et du monde.<\/p>\n<p><a href=\"http:\/\/canada.metropolis.net\/\" target=\"_blank\" rel=\"noopener noreferrer\">En savoir plus<\/a><\/p>\n<h2>Multi-Agency Partnership (MAP)<\/h2>\n<p>Le Multi-Agency Partnership (MAP) est compos\u00e9 d\u2019organismes communautaires, de minist\u00e8res et de fournisseurs de logements qui se r\u00e9unissent tous les mois pour d\u00e9terminer les besoins des demandeurs et demandeuses d\u2019asile et la fa\u00e7on de mieux les servir en coordonnant les efforts, en \u00e9changeant des connaissances et en formulant des solutions.<\/p>\n<p><a href=\"https:\/\/mapbc.org\/\" target=\"_blank\" rel=\"noopener noreferrer\">En savoir plus<\/a><\/p>\n<h2>Conseil national pour l\u2019\u00e9tablissement et l\u2019int\u00e9gration (CNEI)<\/h2>\n<p>Le Conseil national pour l\u2019\u00e9tablissement et l\u2019int\u00e9gration (CNEI), qui se r\u00e9unit deux fois par an, est un m\u00e9canisme de collaboration, de consultation et de planification entre le secteur de l\u2019\u00e9tablissement et de l\u2019int\u00e9gration et les gouvernements provinciaux, territoriaux et f\u00e9d\u00e9ral. AMSSA est \u00e9galement membre du Groupe consultatif sur la formation linguistique pour les immigrants (GCFLI) et participe \u00e0 des groupes de travail et des comit\u00e9s sp\u00e9ciaux du Conseil national pour l\u2019\u00e9tablissement et l\u2019int\u00e9gration.<\/p>\n<h2>Voies vers la prosp\u00e9rit\u00e9 : Canada<\/h2>\n<p>Le Partenariat Voies vers la prosp\u00e9rit\u00e9 est une alliance visant \u00e0 favoriser des communaut\u00e9s accueillantes qui encouragent l\u2019int\u00e9gration civique, \u00e9conomique et sociale des personnes migrantes ou minoritaires au Canada.<\/p>\n<p><a href=\"http:\/\/p2pcanada.ca\/\" target=\"_blank\" rel=\"noopener noreferrer\">En savoir plus<\/a><\/p>\n<h2>UBC Migration&nbsp;<\/h2>\n<p>R\u00e9unissant des chercheurs des chercheuses appartenant \u00e0 un large \u00e9ventail de disciplines, le centre UBC Migration cherche \u00e0 comprendre et \u00e0 \u00e9clairer le d\u00e9bat sur les facteurs moteurs et les cons\u00e9quences de la migration internationale par la recherche, l\u2019\u00e9ducation et la sensibilisation. Afin de favoriser le d\u00e9bat et les connaissances sur les d\u00e9fis et des possibilit\u00e9s de l\u2019immigration, et de diffuser son expertise, le centre UBC Migration est en contact avec les d\u00e9cisionnaires politiques, les fournisseurs de services aux personnes immigrantes et r\u00e9fugi\u00e9es, et le public.<\/p>\n<p><a href=\"https:\/\/migration.ubc.ca\/home\" target=\"_blank\" rel=\"noopener noreferrer\">En savoir plus<\/a><\/p>\n","protected":false},"excerpt":{"rendered":"<p>AMSSA est membre ou fait partie de plusieurs r\u00e9seaux compos\u00e9s de professionnels et de professionnelles de partout au Canada \u0153uvrant <\/p>\n<div id=\"exceprt\"><a title=\"FULL STORY\" href=\"https:\/\/www.amssa.org\/fr\/reseaux-nationaux-et-regionaux\/\"><\/a><\/div>\n","protected":false},"author":77,"featured_media":27372,"parent":0,"menu_order":0,"comment_status":"open","ping_status":"open","template":"","meta":{"_monsterinsights_skip_tracking":false,"_monsterinsights_sitenote_active":false,"_monsterinsights_sitenote_note":"","_monsterinsights_sitenote_category":0,"_genesis_hide_title":false,"_genesis_hide_breadcrumbs":false,"_genesis_hide_singular_image":false,"_genesis_hide_footer_widgets":false,"_genesis_custom_body_class":"","_genesis_custom_post_class":"","_genesis_layout":"","ngg_post_thumbnail":0,"h5ap_radio_sources":[],"footnotes":""},"class_list":["post-28842","page","type-page","status-publish","has-post-thumbnail","entry"],"_links":{"self":[{"href":"https:\/\/www.amssa.org\/fr\/wp-json\/wp\/v2\/pages\/28842","targetHints":{"allow":["GET"]}}],"collection":[{"href":"https:\/\/www.amssa.org\/fr\/wp-json\/wp\/v2\/pages"}],"about":[{"href":"https:\/\/www.amssa.org\/fr\/wp-json\/wp\/v2\/types\/page"}],"author":[{"embeddable":true,"href":"https:\/\/www.amssa.org\/fr\/wp-json\/wp\/v2\/users\/77"}],"replies":[{"embeddable":true,"href":"https:\/\/www.amssa.org\/fr\/wp-json\/wp\/v2\/comments?post=28842"}],"version-history":[{"count":3,"href":"https:\/\/www.amssa.org\/fr\/wp-json\/wp\/v2\/pages\/28842\/revisions"}],"predecessor-version":[{"id":47506,"href":"https:\/\/www.amssa.org\/fr\/wp-json\/wp\/v2\/pages\/28842\/revisions\/47506"}],"wp:featuredmedia":[{"embeddable":true,"href":"https:\/\/www.amssa.org\/fr\/wp-json\/wp\/v2\/media\/27372"}],"wp:attachment":[{"href":"https:\/\/www.amssa.org\/fr\/wp-json\/wp\/v2\/media?parent=28842"}],"curies":[{"name":"wp","href":"https:\/\/api.w.org\/{rel}","templated":true}]}}