{"id":28821,"date":"2015-04-20T13:44:17","date_gmt":"2015-04-20T20:44:17","guid":{"rendered":"https:\/\/www.amssa.org\/?page_id=28821"},"modified":"2025-07-09T18:05:27","modified_gmt":"2025-07-10T01:05:27","slug":"home","status":"publish","type":"page","link":"https:\/\/www.amssa.org\/fr\/","title":{"rendered":"Domicile"},"content":{"rendered":"<div id=\"pl-28821\"  class=\"panel-layout\" ><div id=\"pg-28821-0\"  class=\"panel-grid panel-has-style\" ><div class=\"home-panel-1 panel-row-style panel-row-style-for-28821-0\" ><div id=\"pgc-28821-0-0\"  class=\"panel-grid-cell\" ><div id=\"panel-28821-0-0-0\" class=\"so-panel widget widget_siteorigin-panels-builder panel-first-child panel-last-child widgetopts-SO\" data-index=\"0\" ><div id=\"pl-w686f11a76607c\"  class=\"panel-layout\" ><div id=\"pg-w686f11a76607c-0\"  class=\"panel-grid panel-no-style\" ><div id=\"pgc-w686f11a76607c-0-0\"  class=\"panel-grid-cell\" ><div id=\"panel-w686f11a76607c-0-0-0\" class=\"so-panel widget widget_sow-editor panel-first-child panel-last-child widgetopts-SO\" data-index=\"0\" ><div\n\t\t\t\n\t\t\tclass=\"so-widget-sow-editor so-widget-sow-editor-base\"\n\t\t\t\n\t\t>\n<div class=\"siteorigin-widget-tinymce textwidget\">\n\t<h2 style=\"text-align: center;\">Nos Programmes<\/h2>\n<p style=\"text-align: center;\">AMSSA offre des services qui soutiennent les fournisseurs de services d\u2019\u00e9tablissement, de cours de langue et d\u2019appui \u00e0 la diversit\u00e9.<\/p>\n<\/div>\n<\/div><\/div><\/div><\/div><div id=\"pg-w686f11a76607c-1\"  class=\"panel-grid panel-has-style\" ><div class=\"home-four-boxes panel-row-style panel-row-style-for-w686f11a76607c-1\" ><div id=\"pgc-w686f11a76607c-1-0\"  class=\"panel-grid-cell\" ><div id=\"panel-w686f11a76607c-1-0-0\" class=\"so-panel widget widget_media_image panel-first-child widgetopts-SO\" data-index=\"1\" ><a href=\"https:\/\/www.amssa.org\/programs\/resettlement-and-integration\/\"><img loading=\"lazy\" decoding=\"async\" width=\"253\" height=\"254\" src=\"https:\/\/www.amssa.org\/wp-content\/uploads\/2020\/05\/resettlement-img.png\" class=\"image wp-image-15289  attachment-full size-full\" alt=\"\" style=\"max-width: 100%; height: auto;\" srcset=\"https:\/\/www.amssa.org\/wp-content\/uploads\/2020\/05\/resettlement-img.png 253w, https:\/\/www.amssa.org\/wp-content\/uploads\/2020\/05\/resettlement-img-100x100.png 100w, https:\/\/www.amssa.org\/wp-content\/uploads\/2020\/05\/resettlement-img-150x150.png 150w\" sizes=\"auto, (max-width: 253px) 100vw, 253px\" \/><\/a><\/div><div id=\"panel-w686f11a76607c-1-0-1\" class=\"so-panel widget widget_sow-editor panel-last-child widgetopts-SO\" data-index=\"2\" ><div class=\"blue-text panel-widget-style panel-widget-style-for-w686f11a76607c-1-0-1\" ><div\n\t\t\t\n\t\t\tclass=\"so-widget-sow-editor so-widget-sow-editor-base\"\n\t\t\t\n\t\t>\n<div class=\"siteorigin-widget-tinymce textwidget\">\n\t<h5 style=\"text-align: center;\">\u00c9tablissement, R\u00e9installation et Int\u00e9gration<\/h5>\n<\/div>\n<\/div><\/div><\/div><\/div><div id=\"pgc-w686f11a76607c-1-1\"  class=\"panel-grid-cell\" ><div id=\"panel-w686f11a76607c-1-1-0\" class=\"so-panel widget widget_media_image panel-first-child widgetopts-SO\" data-index=\"3\" ><a href=\"https:\/\/www.amssa.org\/programs\/migrant-worker-hub\/\"><img loading=\"lazy\" decoding=\"async\" width=\"253\" height=\"254\" src=\"https:\/\/www.amssa.org\/wp-content\/uploads\/2020\/05\/migrant-img.png\" class=\"image wp-image-15286  attachment-full size-full\" alt=\"\" style=\"max-width: 100%; height: auto;\" srcset=\"https:\/\/www.amssa.org\/wp-content\/uploads\/2020\/05\/migrant-img.png 253w, https:\/\/www.amssa.org\/wp-content\/uploads\/2020\/05\/migrant-img-100x100.png 100w, https:\/\/www.amssa.org\/wp-content\/uploads\/2020\/05\/migrant-img-150x150.png 150w\" sizes=\"auto, (max-width: 253px) 100vw, 253px\" \/><\/a><\/div><div id=\"panel-w686f11a76607c-1-1-1\" class=\"so-panel widget widget_sow-editor panel-last-child widgetopts-SO\" data-index=\"4\" ><div class=\"red-text panel-widget-style panel-widget-style-for-w686f11a76607c-1-1-1\" ><div\n\t\t\t\n\t\t\tclass=\"so-widget-sow-editor so-widget-sow-editor-base\"\n\t\t\t\n\t\t>\n<div class=\"siteorigin-widget-tinymce textwidget\">\n\t<h5 style=\"text-align: center;\">Centre pour les<br \/>\ntravailleuses et les travailleurs Migrants<\/h5>\n<\/div>\n<\/div><\/div><\/div><\/div><div id=\"pgc-w686f11a76607c-1-2\"  class=\"panel-grid-cell\" ><div id=\"panel-w686f11a76607c-1-2-0\" class=\"so-panel widget widget_media_image panel-first-child widgetopts-SO\" data-index=\"5\" ><a href=\"https:\/\/www.amssa.org\/programs\/amssa-institute\/\"><img loading=\"lazy\" decoding=\"async\" width=\"253\" height=\"254\" src=\"https:\/\/www.amssa.org\/wp-content\/uploads\/2020\/05\/e-learning-img.png\" class=\"image wp-image-15288  attachment-full size-full\" alt=\"\" style=\"max-width: 100%; height: auto;\" srcset=\"https:\/\/www.amssa.org\/wp-content\/uploads\/2020\/05\/e-learning-img.png 253w, https:\/\/www.amssa.org\/wp-content\/uploads\/2020\/05\/e-learning-img-100x100.png 100w, https:\/\/www.amssa.org\/wp-content\/uploads\/2020\/05\/e-learning-img-150x150.png 150w\" sizes=\"auto, (max-width: 253px) 100vw, 253px\" \/><\/a><\/div><div id=\"panel-w686f11a76607c-1-2-1\" class=\"so-panel widget widget_sow-editor panel-last-child widgetopts-SO\" data-index=\"6\" ><div class=\"green-text panel-widget-style panel-widget-style-for-w686f11a76607c-1-2-1\" ><div\n\t\t\t\n\t\t\tclass=\"so-widget-sow-editor so-widget-sow-editor-base\"\n\t\t\t\n\t\t>\n<div class=\"siteorigin-widget-tinymce textwidget\">\n\t<h5 style=\"text-align: center;\">Institut de formation AMSSA pour<br \/>\nL\u2019apprentissage Virtuel<\/h5>\n<\/div>\n<\/div><\/div><\/div><\/div><div id=\"pgc-w686f11a76607c-1-3\"  class=\"panel-grid-cell\" ><div id=\"panel-w686f11a76607c-1-3-0\" class=\"so-panel widget widget_media_image panel-first-child widgetopts-SO\" data-index=\"7\" ><a href=\"#\"><img loading=\"lazy\" decoding=\"async\" width=\"300\" height=\"300\" src=\"https:\/\/www.amssa.org\/wp-content\/uploads\/2025\/07\/National_sector_engagement.webp\" class=\"image wp-image-48713  attachment-full size-full\" alt=\"\" style=\"max-width: 100%; height: auto;\" srcset=\"https:\/\/www.amssa.org\/wp-content\/uploads\/2025\/07\/National_sector_engagement.webp 300w, https:\/\/www.amssa.org\/wp-content\/uploads\/2025\/07\/National_sector_engagement-150x150.webp 150w, https:\/\/www.amssa.org\/wp-content\/uploads\/2025\/07\/National_sector_engagement-100x100.webp 100w\" sizes=\"auto, (max-width: 300px) 100vw, 300px\" \/><\/a><\/div><div id=\"panel-w686f11a76607c-1-3-1\" class=\"so-panel widget widget_sow-editor panel-last-child widgetopts-SO\" data-index=\"8\" ><div class=\"yellow-text panel-widget-style panel-widget-style-for-w686f11a76607c-1-3-1\" ><div\n\t\t\t\n\t\t\tclass=\"so-widget-sow-editor so-widget-sow-editor-base\"\n\t\t\t\n\t\t>\n<div class=\"siteorigin-widget-tinymce textwidget\">\n\t<h5 style=\"text-align: center;\">Engagement du<br \/>\nsecteur national<\/h5>\n<\/div>\n<\/div><\/div><\/div><\/div><\/div><\/div><\/div><\/div><\/div><\/div><\/div><div id=\"pg-28821-1\"  class=\"panel-grid panel-has-style\" ><div class=\"home-panel-2 siteorigin-panels-stretch panel-row-style panel-row-style-for-28821-1\" data-stretch-type=\"full\" ><div id=\"pgc-28821-1-0\"  class=\"panel-grid-cell\" ><div id=\"panel-28821-1-0-0\" class=\"so-panel widget widget_sow-editor panel-first-child panel-last-child widgetopts-SO\" data-index=\"1\" ><div\n\t\t\t\n\t\t\tclass=\"so-widget-sow-editor so-widget-sow-editor-base\"\n\t\t\t\n\t\t>\n<div class=\"siteorigin-widget-tinymce textwidget\">\n\t<h2>Ressources<\/h2>\n<p>AMSSA d\u00e9veloppe des ressources d\u2019apprentissage<br \/>\nsur de nombreux th\u00e8mes, afin de soutenir<br \/>\nles organismes du secteur de l\u2019\u00e9tablissement<br \/>\net de l\u2019int\u00e9gration, de m\u00eame que des secteurs<br \/>\nde la diversit\u00e9 et de l\u2019inclusion.<\/p>\n<p><a class=\"learn-btn\" href=\"https:\/\/www.amssa.org\/resources\/\">EN SAVOIR PLUS<\/a><\/p>\n<\/div>\n<\/div><\/div><\/div><div id=\"pgc-28821-1-1\"  class=\"panel-grid-cell\" ><div id=\"panel-28821-1-1-0\" class=\"so-panel widget widget_media_image panel-first-child panel-last-child\" data-index=\"2\" ><img loading=\"lazy\" decoding=\"async\" width=\"579\" height=\"581\" src=\"https:\/\/www.amssa.org\/wp-content\/uploads\/2020\/05\/resource-circle-img.png\" class=\"image wp-image-15302  attachment-full size-full\" alt=\"\" style=\"max-width: 100%; height: auto;\" srcset=\"https:\/\/www.amssa.org\/wp-content\/uploads\/2020\/05\/resource-circle-img.png 579w, https:\/\/www.amssa.org\/wp-content\/uploads\/2020\/05\/resource-circle-img-300x300.png 300w, https:\/\/www.amssa.org\/wp-content\/uploads\/2020\/05\/resource-circle-img-100x100.png 100w, https:\/\/www.amssa.org\/wp-content\/uploads\/2020\/05\/resource-circle-img-416x417.png 416w, https:\/\/www.amssa.org\/wp-content\/uploads\/2020\/05\/resource-circle-img-150x150.png 150w\" sizes=\"auto, (max-width: 579px) 100vw, 579px\" \/><\/div><\/div><\/div><\/div><div id=\"pg-28821-2\"  class=\"panel-grid panel-has-style\" ><div class=\"events-area siteorigin-panels-stretch panel-row-style panel-row-style-for-28821-2\" data-stretch-type=\"full-width-stretch\" ><div id=\"pgc-28821-2-0\"  class=\"panel-grid-cell\" ><div id=\"panel-28821-2-0-0\" class=\"so-panel widget widget_media_image panel-first-child panel-last-child widgetopts-SO\" data-index=\"3\" ><img loading=\"lazy\" decoding=\"async\" width=\"961\" height=\"950\" src=\"https:\/\/www.amssa.org\/wp-content\/uploads\/2020\/05\/events-left-img.jpg\" class=\"image wp-image-15309  attachment-full size-full\" alt=\"\" style=\"max-width: 100%; height: auto;\" srcset=\"https:\/\/www.amssa.org\/wp-content\/uploads\/2020\/05\/events-left-img.jpg 961w, https:\/\/www.amssa.org\/wp-content\/uploads\/2020\/05\/events-left-img-100x100.jpg 100w, https:\/\/www.amssa.org\/wp-content\/uploads\/2020\/05\/events-left-img-600x593.jpg 600w, https:\/\/www.amssa.org\/wp-content\/uploads\/2020\/05\/events-left-img-300x297.jpg 300w, https:\/\/www.amssa.org\/wp-content\/uploads\/2020\/05\/events-left-img-768x759.jpg 768w\" sizes=\"auto, (max-width: 961px) 100vw, 961px\" \/><\/div><\/div><div id=\"pgc-28821-2-1\"  class=\"panel-grid-cell\" ><div id=\"panel-28821-2-1-0\" class=\"so-panel widget widget_sow-editor panel-first-child panel-last-child widgetopts-SO\" data-index=\"4\" ><div class=\"event-right-box panel-widget-style panel-widget-style-for-28821-2-1-0\" ><div\n\t\t\t\n\t\t\tclass=\"so-widget-sow-editor so-widget-sow-editor-base\"\n\t\t\t\n\t\t>\n<div class=\"siteorigin-widget-tinymce textwidget\">\n\t<h2>Activit\u00e9s<\/h2>\n<div class=\"event-post-box\"><div class=\"post-time\">27 Avr<\/div><h3><a href=\"https:\/\/www.amssa.org\/fr\/amssa-events\/newcomer-employment-workshop-why-am-i-not-getting-interviews\/\">Newcomer employment workshop: why am I not getting interviews?<\/a><\/h3>Covers common r\u00e9sum\u00e9 and job\u2011search mistakes and how to improve interview outcomes &#8211; Date: Monday, 27 April 2026 | Time: <div id=\"exceprt\"><a title=\"FULL STORY\" href=\"https:\/\/www.amssa.org\/fr\/amssa-events\/newcomer-employment-workshop-why-am-i-not-getting-interviews\/\"><\/a><\/div><a href=\"https:\/\/www.amssa.org\/fr\/amssa-events\/newcomer-employment-workshop-why-am-i-not-getting-interviews\/\" class=\"event-btn\">LEARN MORE >><\/a><\/div><div class=\"event-post-box\"><div class=\"post-time\">1 Avr<\/div><h3><a href=\"https:\/\/www.amssa.org\/fr\/amssa-events\/workshops-for-renters-and-landlords-residential-tenancy-branch\/\">Workshops for Renters and Landlords &#8211; Residential Tenancy Branch<\/a><\/h3>Workshops open to the public for people renting or landlords. Topics include Renting Essentials, Essential Learning for Landlords and How <div id=\"exceprt\"><a title=\"FULL STORY\" href=\"https:\/\/www.amssa.org\/fr\/amssa-events\/workshops-for-renters-and-landlords-residential-tenancy-branch\/\"><\/a><\/div><a href=\"https:\/\/www.amssa.org\/fr\/amssa-events\/workshops-for-renters-and-landlords-residential-tenancy-branch\/\" class=\"event-btn\">LEARN MORE >><\/a><\/div><div class=\"event-post-box\"><div class=\"post-time\">30 Mar<\/div><h3><a href=\"https:\/\/www.amssa.org\/fr\/amssa-events\/labour-market-information-workshop\/\">Labour Market Information workshop<\/a><\/h3>This free session is for newcomers who want practical information about in-demand jobs in B.C., typical wages and work hours, <div id=\"exceprt\"><a title=\"FULL STORY\" href=\"https:\/\/www.amssa.org\/fr\/amssa-events\/labour-market-information-workshop\/\"><\/a><\/div><a href=\"https:\/\/www.amssa.org\/fr\/amssa-events\/labour-market-information-workshop\/\" class=\"event-btn\">LEARN MORE >><\/a><\/div>\n<\/div>\n<\/div><\/div><\/div><\/div><\/div><\/div><div id=\"pg-28821-3\"  class=\"panel-grid panel-has-style\" ><div class=\"membership-area siteorigin-panels-stretch panel-row-style panel-row-style-for-28821-3\" data-stretch-type=\"full-width-stretch\" ><div id=\"pgc-28821-3-0\"  class=\"panel-grid-cell\" ><div id=\"panel-28821-3-0-0\" class=\"so-panel widget widget_sow-editor panel-first-child panel-last-child widgetopts-SO\" data-index=\"5\" ><div class=\"membership-left-box panel-widget-style panel-widget-style-for-28821-3-0-0\" ><div\n\t\t\t\n\t\t\tclass=\"so-widget-sow-editor so-widget-sow-editor-base\"\n\t\t\t\n\t\t>\n<div class=\"siteorigin-widget-tinymce textwidget\">\n\t<h2>Membres<\/h2>\n<p>Les organismes membres d\u2019AMSSA offrent des services qui soutiennent les nouveaux arrivants et arrivantes, tout en \u00e9difiant des communaut\u00e9s inclusives sur le plan culturel. Nos membres fournissent une vaste gamme de services, allant des cours de langue \u00e0 la recherche d\u2019emploi, en passant par le counseling.<\/p>\n<p><a class=\"learn-btn\" href=\"https:\/\/www.amssa.org\/membership\/\">EN SAVOIR PLUS<\/a><\/p>\n<\/div>\n<\/div><\/div><\/div><\/div><div id=\"pgc-28821-3-1\"  class=\"panel-grid-cell\" ><div id=\"panel-28821-3-1-0\" class=\"so-panel widget widget_media_image panel-first-child panel-last-child\" data-index=\"6\" ><img loading=\"lazy\" decoding=\"async\" width=\"960\" height=\"950\" src=\"https:\/\/www.amssa.org\/wp-content\/uploads\/2020\/06\/membership-left-image.jpg\" class=\"image wp-image-15510  attachment-full size-full\" alt=\"\" style=\"max-width: 100%; height: auto;\" srcset=\"https:\/\/www.amssa.org\/wp-content\/uploads\/2020\/06\/membership-left-image.jpg 960w, https:\/\/www.amssa.org\/wp-content\/uploads\/2020\/06\/membership-left-image-100x100.jpg 100w, https:\/\/www.amssa.org\/wp-content\/uploads\/2020\/06\/membership-left-image-600x594.jpg 600w, https:\/\/www.amssa.org\/wp-content\/uploads\/2020\/06\/membership-left-image-300x297.jpg 300w, https:\/\/www.amssa.org\/wp-content\/uploads\/2020\/06\/membership-left-image-768x760.jpg 768w\" sizes=\"auto, (max-width: 960px) 100vw, 960px\" \/><\/div><\/div><\/div><\/div><\/div>","protected":false},"excerpt":{"rendered":"<p>Ressources AMSSA d\u00e9veloppe des ressources d\u2019apprentissage sur de nombreux th\u00e8mes, afin de soutenir les organismes du secteur de l\u2019\u00e9tablissement et <\/p>\n<div id=\"exceprt\"><a title=\"FULL STORY\" href=\"https:\/\/www.amssa.org\/fr\/\"><\/a><\/div>\n","protected":false},"author":77,"featured_media":0,"parent":0,"menu_order":0,"comment_status":"open","ping_status":"open","template":"page_front.php","meta":{"_monsterinsights_skip_tracking":false,"_monsterinsights_sitenote_active":false,"_monsterinsights_sitenote_note":"","_monsterinsights_sitenote_category":0,"_genesis_hide_title":false,"_genesis_hide_breadcrumbs":false,"_genesis_hide_singular_image":false,"_genesis_hide_footer_widgets":false,"_genesis_custom_body_class":"","_genesis_custom_post_class":"","_genesis_layout":"full-width-content","ngg_post_thumbnail":0,"h5ap_radio_sources":[],"footnotes":""},"class_list":["post-28821","page","type-page","status-publish","entry"],"_links":{"self":[{"href":"https:\/\/www.amssa.org\/fr\/wp-json\/wp\/v2\/pages\/28821","targetHints":{"allow":["GET"]}}],"collection":[{"href":"https:\/\/www.amssa.org\/fr\/wp-json\/wp\/v2\/pages"}],"about":[{"href":"https:\/\/www.amssa.org\/fr\/wp-json\/wp\/v2\/types\/page"}],"author":[{"embeddable":true,"href":"https:\/\/www.amssa.org\/fr\/wp-json\/wp\/v2\/users\/77"}],"replies":[{"embeddable":true,"href":"https:\/\/www.amssa.org\/fr\/wp-json\/wp\/v2\/comments?post=28821"}],"version-history":[{"count":15,"href":"https:\/\/www.amssa.org\/fr\/wp-json\/wp\/v2\/pages\/28821\/revisions"}],"predecessor-version":[{"id":28824,"href":"https:\/\/www.amssa.org\/fr\/wp-json\/wp\/v2\/pages\/28821\/revisions\/28824"}],"wp:attachment":[{"href":"https:\/\/www.amssa.org\/fr\/wp-json\/wp\/v2\/media?parent=28821"}],"curies":[{"name":"wp","href":"https:\/\/api.w.org\/{rel}","templated":true}]}}